{"id":15004,"date":"2023-12-24T13:37:46","date_gmt":"2023-12-24T13:37:46","guid":{"rendered":"https:\/\/www.diveria.net\/?page_id=15004"},"modified":"2026-04-22T20:49:19","modified_gmt":"2026-04-22T19:49:19","slug":"contact","status":"publish","type":"page","link":"https:\/\/diveria.net\/hu\/buvarkodas-tenerifen\/contact\/","title":{"rendered":"CONTACT"},"content":{"rendered":"\n<style type=\"text\/css\" data-created_by=\"avia_inline_auto\" id=\"style-css-av-67y137g-2cd7fc1b4e99cac7246a899f24d1d7af\">\n.avia-section.av-67y137g-2cd7fc1b4e99cac7246a899f24d1d7af .av-parallax .av-parallax-inner{\nbackground-repeat:no-repeat;\nbackground-image:url(https:\/\/diveria.net\/wp-content\/uploads\/2015\/05\/slide09.jpg);\nbackground-position:0% 0%;\nbackground-attachment:scroll;\n}\n<\/style>\n<div id='av_section_1'  class='avia-section av-67y137g-2cd7fc1b4e99cac7246a899f24d1d7af main_color avia-section-default avia-no-shadow  avia-builder-el-0  el_before_av_one_third  avia-builder-el-first  av-parallax-section avia-bg-style-parallax container_wrap sidebar_right'  data-section-bg-repeat='no-repeat'><div class='av-parallax' data-avia-parallax-ratio='0.3' ><div class='av-parallax-inner main_color avia-full-stretch'><\/div><\/div><div class='container av-section-cont-open' ><main  role=\"main\" itemprop=\"mainContentOfPage\"  class='template-page content  av-content-small alpha units'><div class='post-entry post-entry-type-page post-entry-15004'><div class='entry-content-wrapper clearfix'>\n\n<style type=\"text\/css\" data-created_by=\"avia_inline_auto\" id=\"style-css-av-5yu7tj0-6bec0655270beb3d350fbae839c7941e\">\n#top .av-special-heading.av-5yu7tj0-6bec0655270beb3d350fbae839c7941e{\npadding-bottom:10px;\ncolor:#ffffff;\n}\nbody .av-special-heading.av-5yu7tj0-6bec0655270beb3d350fbae839c7941e .av-special-heading-tag .heading-char{\nfont-size:25px;\n}\n.av-special-heading.av-5yu7tj0-6bec0655270beb3d350fbae839c7941e .special-heading-inner-border{\nborder-color:#ffffff;\n}\n.av-special-heading.av-5yu7tj0-6bec0655270beb3d350fbae839c7941e .av-subheading{\nfont-size:15px;\n}\n<\/style>\n<div  class='av-special-heading av-5yu7tj0-6bec0655270beb3d350fbae839c7941e av-special-heading-h1 custom-color-heading  avia-builder-el-1  avia-builder-el-no-sibling '><h1 class='av-special-heading-tag '  itemprop=\"headline\"  >CONTACT US!<\/h1><div class=\"special-heading-border\"><div class=\"special-heading-inner-border\"><\/div><\/div><\/div>\n<\/div><\/div><\/main><!-- close content main element --><\/div><\/div><div id='after_section_1'  class='main_color av_default_container_wrap container_wrap sidebar_right'  ><div class='container av-section-cont-open' ><div class='template-page content  av-content-small alpha units'><div class='post-entry post-entry-type-page post-entry-15004'><div class='entry-content-wrapper clearfix'>\n<div  class='flex_column av-5dz5hwc-40bc6d6048f4a00ff367e8bb57890b11 av_one_third  avia-builder-el-2  el_after_av_section  el_before_av_one_third  avia-builder-el-first  first flex_column_div  '     ><p>\n<style type=\"text\/css\" data-created_by=\"avia_inline_auto\" id=\"style-css-av-4n7aunw-69d83e7bbe89d4b423349998a881665f\">\n#top .av-special-heading.av-4n7aunw-69d83e7bbe89d4b423349998a881665f{\npadding-bottom:10px;\n}\nbody .av-special-heading.av-4n7aunw-69d83e7bbe89d4b423349998a881665f .av-special-heading-tag .heading-char{\nfont-size:25px;\n}\n.av-special-heading.av-4n7aunw-69d83e7bbe89d4b423349998a881665f .av-subheading{\nfont-size:15px;\n}\n<\/style>\n<div  class='av-special-heading av-4n7aunw-69d83e7bbe89d4b423349998a881665f av-special-heading-h2  avia-builder-el-3  el_before_av_iconlist  avia-builder-el-first '><h2 class='av-special-heading-tag '  itemprop=\"headline\"  >CONTACT<\/h2><div class=\"special-heading-border\"><div class=\"special-heading-inner-border\"><\/div><\/div><\/div><br \/>\n\n<style type=\"text\/css\" data-created_by=\"avia_inline_auto\" id=\"style-css-av-lqjjasju-a4bafafd48c0e733cf5aee4645606f78\">\n#top #wrap_all .avia-icon-list-container.av-lqjjasju-a4bafafd48c0e733cf5aee4645606f78 .av_iconlist_title{\ncolor:#008fa8;\n}\n<\/style>\n<div  class='avia-icon-list-container av-lqjjasju-a4bafafd48c0e733cf5aee4645606f78  avia-builder-el-4  el_after_av_heading  avia-builder-el-last '><ul class='avia-icon-list avia_animate_when_almost_visible avia-icon-list-left av-iconlist-big av-lqjjasju-a4bafafd48c0e733cf5aee4645606f78 avia-iconlist-animate'>\n<li><div class='iconlist_icon av-4jjnwt8-a7f3e633df0bbb7bac444cd170a51685 avia-font-entypo-fontello avia-iconfont avia-font-entypo-fontello'><span class='av-icon-char' data-av_icon='\ue854' data-av_iconfont='entypo-fontello' aria-hidden=\"true\"><\/span><\/div><article class=\"article-icon-entry \"  itemscope=\"itemscope\" itemtype=\"https:\/\/schema.org\/CreativeWork\" ><div class=\"iconlist_content_wrap\"><header class=\"entry-content-header\" aria-label=\"Icon: Call us\"><h4 class='av_iconlist_title iconlist_title  av_inherit_color'  itemprop=\"headline\" >Call us<\/h4><\/header><div class='iconlist_content '  itemprop=\"text\" ><p>+34658166789<\/p>\n<p>+34603762749<\/p>\n<\/div><\/div><footer class=\"entry-footer\"><\/footer><\/article><div class=\"iconlist-timeline\"><\/div><\/li>\n<li><div class='iconlist_icon av-43nv7fg-20395ab27c05149be2017aa6ecc44820 avia-font-entypo-fontello avia-iconfont avia-font-entypo-fontello'><span class='av-icon-char' data-av_icon='\ue805' data-av_iconfont='entypo-fontello' aria-hidden=\"true\"><\/span><\/div><article class=\"article-icon-entry \"  itemscope=\"itemscope\" itemtype=\"https:\/\/schema.org\/CreativeWork\" ><div class=\"iconlist_content_wrap\"><header class=\"entry-content-header\" aria-label=\"Icon: EMAIL\"><h4 class='av_iconlist_title iconlist_title  av_inherit_color'  itemprop=\"headline\" >EMAIL<\/h4><\/header><div class='iconlist_content '  itemprop=\"text\" ><p>info@diveria.net<\/p>\n<\/div><\/div><footer class=\"entry-footer\"><\/footer><\/article><div class=\"iconlist-timeline\"><\/div><\/li>\n<li><div class='iconlist_icon av-lqjjagos-15e08b685f732beda13e48c0568e0e57 avia-font-entypo-fontello avia-iconfont avia-font-entypo-fontello'><span class='av-icon-char' data-av_icon='\ue843' data-av_iconfont='entypo-fontello' aria-hidden=\"true\"><\/span><\/div><article class=\"article-icon-entry \"  itemscope=\"itemscope\" itemtype=\"https:\/\/schema.org\/CreativeWork\" ><div class=\"iconlist_content_wrap\"><header class=\"entry-content-header\" aria-label=\"Icon: ADDRESS\"><h4 class='av_iconlist_title iconlist_title  av_inherit_color'  itemprop=\"headline\" >ADDRESS<\/h4><\/header><div class='iconlist_content '  itemprop=\"text\" ><p>DIVERIA DIVING CENTER<\/p>\n<p>Calle los Chorrillos 20<br \/>\n38686 Alcal\u00e1<br \/>\nSanta Cruz de Tenerife, Spain<\/p>\n<\/div><\/div><footer class=\"entry-footer\"><\/footer><\/article><div class=\"iconlist-timeline\"><\/div><\/li>\n<li><div class='iconlist_icon av-lqjjapjc-a4923325ceedfb1d3badb485ee959502 avia-font-entypo-fontello avia-iconfont avia-font-entypo-fontello'><span class='av-icon-char' data-av_icon='\ue842' data-av_iconfont='entypo-fontello' aria-hidden=\"true\"><\/span><\/div><article class=\"article-icon-entry av-iconlist-empty\"  itemscope=\"itemscope\" itemtype=\"https:\/\/schema.org\/CreativeWork\" ><div class=\"iconlist_content_wrap\"><header class=\"entry-content-header\" aria-label=\"Icon: &lt;a href=&#039;https:\/\/maps.app.goo.gl\/q32xc8zGffEYRktL7&#039; title=&#039;GOOGLE MAPS&#039; target=&quot;_blank&quot;  rel=&quot;noopener noreferrer&quot;&gt;GOOGLE MAPS&lt;\/a&gt;\"><h4 class='av_iconlist_title iconlist_title  av_inherit_color'  itemprop=\"headline\" ><a href='https:\/\/maps.app.goo.gl\/q32xc8zGffEYRktL7' title='GOOGLE MAPS' target=\"_blank\"  rel=\"noopener noreferrer\">GOOGLE MAPS<\/a><\/h4><\/header><div class='iconlist_content '  itemprop=\"text\" ><\/div><\/div><footer class=\"entry-footer\"><\/footer><\/article><div class=\"iconlist-timeline\"><\/div><\/li>\n<li><div class='iconlist_icon av-3laxwsc-256292d4da5bf084c94ac85d68ff0a76 avia-font-entypo-fontello avia-iconfont avia-font-entypo-fontello'><span class='av-icon-char' data-av_icon='\ue8f5' data-av_iconfont='entypo-fontello' aria-hidden=\"true\"><\/span><\/div><article class=\"article-icon-entry av-iconlist-empty\"  itemscope=\"itemscope\" itemtype=\"https:\/\/schema.org\/CreativeWork\" ><div class=\"iconlist_content_wrap\"><header class=\"entry-content-header\" aria-label=\"Icon: &lt;a href=&#039;https:\/\/www.facebook.com\/puredivingtenerife&#039; title=&#039;FACEBOOK&#039; target=&quot;_blank&quot;  rel=&quot;noopener noreferrer&quot;&gt;FACEBOOK&lt;\/a&gt;\"><h4 class='av_iconlist_title iconlist_title  av_inherit_color'  itemprop=\"headline\" ><a href='https:\/\/www.facebook.com\/puredivingtenerife' title='FACEBOOK' target=\"_blank\"  rel=\"noopener noreferrer\">FACEBOOK<\/a><\/h4><\/header><div class='iconlist_content '  itemprop=\"text\" ><\/div><\/div><footer class=\"entry-footer\"><\/footer><\/article><div class=\"iconlist-timeline\"><\/div><\/li>\n<li><div class='iconlist_icon av-2vpd1i4-362dd156f86348e011e25e0ea7558c06 avia-font-entypo-fontello avia-iconfont avia-font-entypo-fontello'><span class='av-icon-char' data-av_icon='\ue909' data-av_iconfont='entypo-fontello' aria-hidden=\"true\"><\/span><\/div><article class=\"article-icon-entry av-iconlist-empty\"  itemscope=\"itemscope\" itemtype=\"https:\/\/schema.org\/CreativeWork\" ><div class=\"iconlist_content_wrap\"><header class=\"entry-content-header\" aria-label=\"Icon: &lt;a href=&#039;https:\/\/www.instagram.com\/diveriadivingcenter\/&#039; title=&#039;INSTAGRAM&#039; target=&quot;_blank&quot;  rel=&quot;noopener noreferrer&quot;&gt;INSTAGRAM&lt;\/a&gt;\"><h4 class='av_iconlist_title iconlist_title  av_inherit_color'  itemprop=\"headline\" ><a href='https:\/\/www.instagram.com\/diveriadivingcenter\/' title='INSTAGRAM' target=\"_blank\"  rel=\"noopener noreferrer\">INSTAGRAM<\/a><\/h4><\/header><div class='iconlist_content '  itemprop=\"text\" ><\/div><\/div><footer class=\"entry-footer\"><\/footer><\/article><div class=\"iconlist-timeline\"><\/div><\/li>\n<li><div class='iconlist_icon av-2coz9mk-adddb78f00ce3f116324e83b4439bbbd avia-font-entypo-fontello avia-iconfont avia-font-entypo-fontello'><span class='av-icon-char' data-av_icon='\ue845' data-av_iconfont='entypo-fontello' aria-hidden=\"true\"><\/span><\/div><article class=\"article-icon-entry av-iconlist-empty\"  itemscope=\"itemscope\" itemtype=\"https:\/\/schema.org\/CreativeWork\" ><div class=\"iconlist_content_wrap\"><header class=\"entry-content-header\" aria-label=\"Icon: &lt;a href=&#039;http:\/\/www.tripadvisor.com\/Attraction_Review-g1773834-d6886618-Reviews-Diveria_Diving_Center-Alcala_Guia_de_Isora_Tenerife_Canary_Islands.html&#039; title=&#039;TRIP ADVISOR&#039; target=&quot;_blank&quot;  rel=&quot;noopener noreferrer&quot;&gt;TRIP ADVISOR&lt;\/a&gt;\"><h4 class='av_iconlist_title iconlist_title  av_inherit_color'  itemprop=\"headline\" ><a href='http:\/\/www.tripadvisor.com\/Attraction_Review-g1773834-d6886618-Reviews-Diveria_Diving_Center-Alcala_Guia_de_Isora_Tenerife_Canary_Islands.html' title='TRIP ADVISOR' target=\"_blank\"  rel=\"noopener noreferrer\">TRIP ADVISOR<\/a><\/h4><\/header><div class='iconlist_content '  itemprop=\"text\" ><\/div><\/div><footer class=\"entry-footer\"><\/footer><\/article><div class=\"iconlist-timeline\"><\/div><\/li>\n<\/ul><\/div><\/p><\/div>\n<style type=\"text\/css\" data-created_by=\"avia_inline_auto\" id=\"style-css-av-24c0nbw-0886c653df4bfb65c2089b3c83d7d5bb\">\n.flex_column.av-24c0nbw-0886c653df4bfb65c2089b3c83d7d5bb{\nborder-radius:0px 0px 0px 0px;\npadding:0px 0px 0px 0px;\n}\n<\/style>\n<div  class='flex_column av-24c0nbw-0886c653df4bfb65c2089b3c83d7d5bb av_one_third  avia-builder-el-5  el_after_av_one_third  el_before_av_section  avia-builder-el-last  flex_column_div av-zero-column-padding  '     ><p>\n<style type=\"text\/css\" data-created_by=\"avia_inline_auto\" id=\"style-css-av-1juckt8-c82079f2eda531e48a064a198ea8b3b7\">\n#top .av-special-heading.av-1juckt8-c82079f2eda531e48a064a198ea8b3b7{\npadding-bottom:10px;\n}\nbody .av-special-heading.av-1juckt8-c82079f2eda531e48a064a198ea8b3b7 .av-special-heading-tag .heading-char{\nfont-size:25px;\n}\n.av-special-heading.av-1juckt8-c82079f2eda531e48a064a198ea8b3b7 .av-subheading{\nfont-size:15px;\n}\n<\/style>\n<div  class='av-special-heading av-1juckt8-c82079f2eda531e48a064a198ea8b3b7 av-special-heading-h2  avia-builder-el-6  el_before_av_codeblock  avia-builder-el-first '><h2 class='av-special-heading-tag '  itemprop=\"headline\"  >CONTACT FORM<\/h2><div class=\"special-heading-border\"><div class=\"special-heading-inner-border\"><\/div><\/div><\/div><br \/>\n<\/p><\/div><\/p>\n<\/div><\/div><\/div><!-- close content main div --><\/div><\/div><div id='av_section_2'  class='avia-section av-1vxvp8-80f1b43524aaaf9f2dbdf96e2e784fa1 main_color avia-section-default avia-no-shadow  avia-builder-el-8  el_after_av_one_third  avia-builder-el-last  avia-bg-style-scroll container_wrap sidebar_right'  ><div class='container av-section-cont-open' ><div class='template-page content  av-content-small alpha units'><div class='post-entry post-entry-type-page post-entry-15004'><div class='entry-content-wrapper clearfix'><\/div><\/div><\/div><!-- close content main div --><\/div><\/div><div id='after_section_2'  class='main_color av_default_container_wrap container_wrap sidebar_right'  ><div class='container av-section-cont-open' ><div class='template-page content  av-content-small alpha units'><div class='post-entry post-entry-type-page post-entry-15004'><div class='entry-content-wrapper clearfix'>\n","protected":false},"excerpt":{"rendered":"","protected":false},"author":11,"featured_media":0,"parent":14267,"menu_order":0,"comment_status":"open","ping_status":"closed","template":"","meta":{"_monsterinsights_skip_tracking":false,"_monsterinsights_sitenote_active":false,"_monsterinsights_sitenote_note":"","_monsterinsights_sitenote_category":0,"footnotes":""},"class_list":["post-15004","page","type-page","status-publish","hentry"],"yoast_head":"<!-- This site is optimized with the Yoast SEO plugin v27.5 - https:\/\/yoast.com\/product\/yoast-seo-wordpress\/ -->\n<title>CONTACT - Diveria Diving Center Tenerife<\/title>\n<meta name=\"robots\" content=\"index, follow, max-snippet:-1, max-image-preview:large, max-video-preview:-1\" \/>\n<link rel=\"canonical\" href=\"https:\/\/diveria.net\/hu\/buvarkodas-tenerifen\/contact\/\" \/>\n<meta property=\"og:locale\" content=\"hu_HU\" \/>\n<meta property=\"og:type\" content=\"article\" \/>\n<meta property=\"og:title\" content=\"CONTACT - Diveria Diving Center Tenerife\" \/>\n<meta property=\"og:url\" content=\"https:\/\/diveria.net\/hu\/buvarkodas-tenerifen\/contact\/\" \/>\n<meta property=\"og:site_name\" content=\"Diveria Diving Center Tenerife\" \/>\n<meta property=\"article:publisher\" content=\"https:\/\/www.facebook.com\/puredivingtenerife\" \/>\n<meta property=\"article:modified_time\" content=\"2026-04-22T19:49:19+00:00\" \/>\n<meta name=\"twitter:card\" content=\"summary_large_image\" \/>\n<meta name=\"twitter:label1\" content=\"Becs\u00fclt olvas\u00e1si id\u0151\" \/>\n\t<meta name=\"twitter:data1\" content=\"1 perc\" \/>\n<script type=\"application\/ld+json\" class=\"yoast-schema-graph\">{\"@context\":\"https:\\\/\\\/schema.org\",\"@graph\":[{\"@type\":\"WebPage\",\"@id\":\"https:\\\/\\\/diveria.net\\\/hu\\\/buvarkodas-tenerifen\\\/contact\\\/\",\"url\":\"https:\\\/\\\/diveria.net\\\/hu\\\/buvarkodas-tenerifen\\\/contact\\\/\",\"name\":\"CONTACT - Diveria Diving Center Tenerife\",\"isPartOf\":{\"@id\":\"https:\\\/\\\/diveria.net\\\/#website\"},\"datePublished\":\"2023-12-24T13:37:46+00:00\",\"dateModified\":\"2026-04-22T19:49:19+00:00\",\"breadcrumb\":{\"@id\":\"https:\\\/\\\/diveria.net\\\/hu\\\/buvarkodas-tenerifen\\\/contact\\\/#breadcrumb\"},\"inLanguage\":\"hu\",\"potentialAction\":[{\"@type\":\"ReadAction\",\"target\":[\"https:\\\/\\\/diveria.net\\\/hu\\\/buvarkodas-tenerifen\\\/contact\\\/\"]}]},{\"@type\":\"BreadcrumbList\",\"@id\":\"https:\\\/\\\/diveria.net\\\/hu\\\/buvarkodas-tenerifen\\\/contact\\\/#breadcrumb\",\"itemListElement\":[{\"@type\":\"ListItem\",\"position\":1,\"name\":\"Home\",\"item\":\"https:\\\/\\\/diveria.net\\\/hu\\\/buvarkodas-tenerifen\\\/\"},{\"@type\":\"ListItem\",\"position\":2,\"name\":\"B\u00fav\u00e1rkod\u00e1s Tenerif\u00e9n\",\"item\":\"https:\\\/\\\/diveria.net\\\/hu\\\/buvarkodas-tenerifen\\\/\"},{\"@type\":\"ListItem\",\"position\":3,\"name\":\"CONTACT\"}]},{\"@type\":\"WebSite\",\"@id\":\"https:\\\/\\\/diveria.net\\\/#website\",\"url\":\"https:\\\/\\\/diveria.net\\\/\",\"name\":\"Diveria Diving Center Tenerife\",\"description\":\"Diveria Diving Center on Tenerife\",\"potentialAction\":[{\"@type\":\"SearchAction\",\"target\":{\"@type\":\"EntryPoint\",\"urlTemplate\":\"https:\\\/\\\/diveria.net\\\/?s={search_term_string}\"},\"query-input\":{\"@type\":\"PropertyValueSpecification\",\"valueRequired\":true,\"valueName\":\"search_term_string\"}}],\"inLanguage\":\"hu\"}]}<\/script>\n<!-- \/ Yoast SEO plugin. -->","yoast_head_json":{"title":"CONTACT - Diveria Diving Center Tenerife","robots":{"index":"index","follow":"follow","max-snippet":"max-snippet:-1","max-image-preview":"max-image-preview:large","max-video-preview":"max-video-preview:-1"},"canonical":"https:\/\/diveria.net\/hu\/buvarkodas-tenerifen\/contact\/","og_locale":"hu_HU","og_type":"article","og_title":"CONTACT - Diveria Diving Center Tenerife","og_url":"https:\/\/diveria.net\/hu\/buvarkodas-tenerifen\/contact\/","og_site_name":"Diveria Diving Center Tenerife","article_publisher":"https:\/\/www.facebook.com\/puredivingtenerife","article_modified_time":"2026-04-22T19:49:19+00:00","twitter_card":"summary_large_image","twitter_misc":{"Becs\u00fclt olvas\u00e1si id\u0151":"1 perc"},"schema":{"@context":"https:\/\/schema.org","@graph":[{"@type":"WebPage","@id":"https:\/\/diveria.net\/hu\/buvarkodas-tenerifen\/contact\/","url":"https:\/\/diveria.net\/hu\/buvarkodas-tenerifen\/contact\/","name":"CONTACT - Diveria Diving Center Tenerife","isPartOf":{"@id":"https:\/\/diveria.net\/#website"},"datePublished":"2023-12-24T13:37:46+00:00","dateModified":"2026-04-22T19:49:19+00:00","breadcrumb":{"@id":"https:\/\/diveria.net\/hu\/buvarkodas-tenerifen\/contact\/#breadcrumb"},"inLanguage":"hu","potentialAction":[{"@type":"ReadAction","target":["https:\/\/diveria.net\/hu\/buvarkodas-tenerifen\/contact\/"]}]},{"@type":"BreadcrumbList","@id":"https:\/\/diveria.net\/hu\/buvarkodas-tenerifen\/contact\/#breadcrumb","itemListElement":[{"@type":"ListItem","position":1,"name":"Home","item":"https:\/\/diveria.net\/hu\/buvarkodas-tenerifen\/"},{"@type":"ListItem","position":2,"name":"B\u00fav\u00e1rkod\u00e1s Tenerif\u00e9n","item":"https:\/\/diveria.net\/hu\/buvarkodas-tenerifen\/"},{"@type":"ListItem","position":3,"name":"CONTACT"}]},{"@type":"WebSite","@id":"https:\/\/diveria.net\/#website","url":"https:\/\/diveria.net\/","name":"Diveria Diving Center Tenerife","description":"Diveria Diving Center on Tenerife","potentialAction":[{"@type":"SearchAction","target":{"@type":"EntryPoint","urlTemplate":"https:\/\/diveria.net\/?s={search_term_string}"},"query-input":{"@type":"PropertyValueSpecification","valueRequired":true,"valueName":"search_term_string"}}],"inLanguage":"hu"}]}},"jetpack_sharing_enabled":true,"jetpack_shortlink":"https:\/\/wp.me\/Pag9Pb-3U0","_links":{"self":[{"href":"https:\/\/diveria.net\/hu\/wp-json\/wp\/v2\/pages\/15004","targetHints":{"allow":["GET"]}}],"collection":[{"href":"https:\/\/diveria.net\/hu\/wp-json\/wp\/v2\/pages"}],"about":[{"href":"https:\/\/diveria.net\/hu\/wp-json\/wp\/v2\/types\/page"}],"author":[{"embeddable":true,"href":"https:\/\/diveria.net\/hu\/wp-json\/wp\/v2\/users\/11"}],"replies":[{"embeddable":true,"href":"https:\/\/diveria.net\/hu\/wp-json\/wp\/v2\/comments?post=15004"}],"version-history":[{"count":6,"href":"https:\/\/diveria.net\/hu\/wp-json\/wp\/v2\/pages\/15004\/revisions"}],"predecessor-version":[{"id":23800,"href":"https:\/\/diveria.net\/hu\/wp-json\/wp\/v2\/pages\/15004\/revisions\/23800"}],"up":[{"embeddable":true,"href":"https:\/\/diveria.net\/hu\/wp-json\/wp\/v2\/pages\/14267"}],"wp:attachment":[{"href":"https:\/\/diveria.net\/hu\/wp-json\/wp\/v2\/media?parent=15004"}],"curies":[{"name":"wp","href":"https:\/\/api.w.org\/{rel}","templated":true}]}}