{"id":3014,"date":"2018-06-17T17:29:59","date_gmt":"2018-06-17T16:29:59","guid":{"rendered":"https:\/\/www.diveria.net\/fr\/dive-tenerife\/dives-sites\/tabaiba\/"},"modified":"2018-06-17T19:38:32","modified_gmt":"2018-06-17T18:38:32","slug":"tabaiba","status":"publish","type":"page","link":"https:\/\/diveria.net\/fr\/dive-tenerife\/tabaiba\/","title":{"rendered":"Tabaiba"},"content":{"rendered":"\n<style type=\"text\/css\" data-created_by=\"avia_inline_auto\" id=\"style-css-av-av_two_third-15d750bd1b332b34c6e70b077ebbccdf\">\n.flex_column.av-av_two_third-15d750bd1b332b34c6e70b077ebbccdf{\nborder-radius:0px 0px 0px 0px;\npadding:0px 0px 0px 0px;\n}\n<\/style>\n<div  class='flex_column av-av_two_third-15d750bd1b332b34c6e70b077ebbccdf av_two_third  avia-builder-el-0  el_before_av_one_third  avia-builder-el-first  first flex_column_div av-zero-column-padding  '     ><section  class='av_textblock_section av-av_textblock-2de302bf1aa3cf4c9157dbe6f50ac7eb '   itemscope=\"itemscope\" itemtype=\"https:\/\/schema.org\/CreativeWork\" ><div class='avia_textblock'  itemprop=\"text\" ><h2>Tabaiba<\/h2>\n<\/div><\/section><\/div>\n\n<style type=\"text\/css\" data-created_by=\"avia_inline_auto\" id=\"style-css-av-av_one_third-c8fc129dc35fd1ae2a1e410224d39ea8\">\n.flex_column.av-av_one_third-c8fc129dc35fd1ae2a1e410224d39ea8{\nborder-radius:0px 0px 0px 0px;\npadding:0px 0px 0px 0px;\n}\n<\/style>\n<div  class='flex_column av-av_one_third-c8fc129dc35fd1ae2a1e410224d39ea8 av_one_third  avia-builder-el-2  el_after_av_two_third  el_before_av_one_full  flex_column_div av-zero-column-padding  '     ><section  class='av_textblock_section av-av_textblock-2de302bf1aa3cf4c9157dbe6f50ac7eb '   itemscope=\"itemscope\" itemtype=\"https:\/\/schema.org\/CreativeWork\" ><div class='avia_textblock'  itemprop=\"text\" ><h4>Cliquez ici pour retourner \u00e0 la carte des sites de plong\u00e9e<\/h4>\n<\/div><\/section><\/div>\n<style type=\"text\/css\" data-created_by=\"avia_inline_auto\" id=\"style-css-av-av_one_full-15d750bd1b332b34c6e70b077ebbccdf\">\n.flex_column.av-av_one_full-15d750bd1b332b34c6e70b077ebbccdf{\nborder-radius:0px 0px 0px 0px;\npadding:0px 0px 0px 0px;\n}\n<\/style>\n<div  class='flex_column av-av_one_full-15d750bd1b332b34c6e70b077ebbccdf av_one_full  avia-builder-el-4  el_after_av_one_third  el_before_av_one_half  first flex_column_div av-zero-column-padding  column-top-margin'     ><section  class='av_textblock_section av-av_textblock-2de302bf1aa3cf4c9157dbe6f50ac7eb '   itemscope=\"itemscope\" itemtype=\"https:\/\/schema.org\/CreativeWork\" ><div class='avia_textblock'  itemprop=\"text\" ><p>En 2006, dans le village de p\u00eacheurs, Tabaiba, pr\u00e8s de Santa Cruz de Tenerife, le\u00a0\u00a0remorqueur \u00ab\u00a0El Pejin\u00a0\u00bb a coul\u00e9.\u00a0\u00a0L\u2019\u00e9pave a \u00e9t\u00e9 pr\u00e9par\u00e9e pour des plongeurs, ainsi vous pourrez y entrer et aller tr\u00e8s, tr\u00e8s pr\u00e8s et dans chaque partie du bateau (la salle des machines, la cabine\u2026).\u00a0\u00a0Le bateau forme un r\u00e9cif artificiel, vous trouverez donc beaucoup de choses de la vie marine sur ce site de plong\u00e9e\u00a0: seiches, poulpes, poissons trompette, an\u00e9mones et barracudas.<\/p>\n<\/div><\/section><\/div><\/p>\n\n<style type=\"text\/css\" data-created_by=\"avia_inline_auto\" id=\"style-css-av-av_one_half-15d750bd1b332b34c6e70b077ebbccdf\">\n.flex_column.av-av_one_half-15d750bd1b332b34c6e70b077ebbccdf{\nborder-radius:0px 0px 0px 0px;\npadding:0px 0px 0px 0px;\n}\n<\/style>\n<div  class='flex_column av-av_one_half-15d750bd1b332b34c6e70b077ebbccdf av_one_half  avia-builder-el-6  el_after_av_one_full  el_before_av_one_half  first flex_column_div av-zero-column-padding  column-top-margin'     ><div  class='avia-video av-av_video-5931049a2460a82299247af2f4277d40 avia-video-16-9 av-no-preview-image avia-video-load-always av-lazyload-immediate av-lazyload-video-embed'  itemprop=\"video\" itemtype=\"https:\/\/schema.org\/VideoObject\"  data-original_url='https:\/\/www.youtube.com\/watch?v=lz2Phupz9BY'><script type='text\/html' class='av-video-tmpl'><span class=\"embed-youtube\" style=\"text-align:center; display: block;\"><iframe loading=\"lazy\" class=\"youtube-player\" width=\"1500\" height=\"844\" src=\"https:\/\/www.youtube.com\/embed\/lz2Phupz9BY?version=3&#038;rel=1&#038;showsearch=0&#038;showinfo=1&#038;iv_load_policy=1&#038;fs=1&#038;hl=fr-FR&#038;autohide=2&#038;wmode=transparent&autoplay=0&loop=0&controls=1&mute=0\" allowfullscreen=\"true\" style=\"border:0;\" sandbox=\"allow-scripts allow-same-origin allow-popups allow-presentation allow-popups-to-escape-sandbox\"><\/iframe><\/span><\/script><div class='av-click-to-play-overlay'><div class=\"avia_playpause_icon\"><\/div><\/div><\/div><\/div>\n\n<style type=\"text\/css\" data-created_by=\"avia_inline_auto\" id=\"style-css-av-av_one_half-c8fc129dc35fd1ae2a1e410224d39ea8\">\n.flex_column.av-av_one_half-c8fc129dc35fd1ae2a1e410224d39ea8{\nborder-radius:0px 0px 0px 0px;\npadding:0px 0px 0px 0px;\n}\n<\/style>\n<div  class='flex_column av-av_one_half-c8fc129dc35fd1ae2a1e410224d39ea8 av_one_half  avia-builder-el-8  el_after_av_one_half  avia-builder-el-last  flex_column_div av-zero-column-padding  column-top-margin'     ><style type=\"text\/css\" data-created_by=\"avia_inline_auto\" id=\"style-css-av-av_gallery-e131374c3656ea3a678cdbedf5c9d3e2\">\n#top .avia-gallery.av-av_gallery-e131374c3656ea3a678cdbedf5c9d3e2 .avia-gallery-thumb a{\nwidth:20%;\n}\n<\/style>\n<div  class='avia-gallery av-av_gallery-e131374c3656ea3a678cdbedf5c9d3e2 avia_animate_when_visible  avia-builder-el-9  avia-builder-el-no-sibling  avia_lazyload avia-gallery-animate avia-gallery-1'  itemprop=\"image\" itemscope=\"itemscope\" itemtype=\"https:\/\/schema.org\/ImageObject\" ><meta itemprop=\"contentURL\" content=\"https:\/\/diveria.net\/fr\/dive-tenerife\/tabaiba\/\"><div class='avia-gallery-thumb'><a href=\"https:\/\/diveria.net\/wp-content\/uploads\/2015\/05\/diveria_diving_center_tenerife-wracks_04-1030x477.jpg\" data-srcset=\"https:\/\/diveria.net\/wp-content\/uploads\/2015\/05\/diveria_diving_center_tenerife-wracks_04-1030x477.jpg 1030w, https:\/\/diveria.net\/wp-content\/uploads\/2015\/05\/diveria_diving_center_tenerife-wracks_04-600x278.jpg 600w, https:\/\/diveria.net\/wp-content\/uploads\/2015\/05\/diveria_diving_center_tenerife-wracks_04-300x139.jpg 300w, https:\/\/diveria.net\/wp-content\/uploads\/2015\/05\/diveria_diving_center_tenerife-wracks_04-705x326.jpg 705w, https:\/\/diveria.net\/wp-content\/uploads\/2015\/05\/diveria_diving_center_tenerife-wracks_04.jpg 1264w\" data-sizes=\"(max-width: 1030px) 100vw, 1030px\" data-rel='gallery-1' data-prev-img='https:\/\/diveria.net\/wp-content\/uploads\/2015\/05\/diveria_diving_center_tenerife-wracks_04-495x400.jpg' class='first_thumb lightbox ' data-onclick='1' title='Dive Tenerife, the steering house.'  itemprop=\"thumbnailUrl\"  ><img decoding=\"async\" fetchpriority=\"high\" class=\"wp-image-708 avia-img-lazy-loading-not-708\"  data-avia-tooltip='Dive Tenerife, the steering house.' src=\"https:\/\/diveria.net\/wp-content\/uploads\/2015\/05\/diveria_diving_center_tenerife-wracks_04-495x400.jpg\" width=\"495\" height=\"400\"  title='diving center tenerife wrecks 04' alt='Dive Tenerife, Tauchen Teneriffa, Nurkowanie Teneryfa' \/><div class='big-prev-fake'><img decoding=\"async\" loading=\"lazy\" class=\"wp-image-708 avia-img-lazy-loading-708\"  width=\"495\" height=\"400\" src=\"https:\/\/diveria.net\/wp-content\/uploads\/2015\/05\/diveria_diving_center_tenerife-wracks_04-495x400.jpg\" title='diving center tenerife wrecks 04' alt='Dive Tenerife, Tauchen Teneriffa, Nurkowanie Teneryfa' \/><\/div><\/a><a href=\"https:\/\/diveria.net\/wp-content\/uploads\/2015\/05\/diveria_diving_center_tenerife-wracks_05-1030x477.jpg\" data-srcset=\"https:\/\/diveria.net\/wp-content\/uploads\/2015\/05\/diveria_diving_center_tenerife-wracks_05-1030x477.jpg 1030w, https:\/\/diveria.net\/wp-content\/uploads\/2015\/05\/diveria_diving_center_tenerife-wracks_05-600x278.jpg 600w, https:\/\/diveria.net\/wp-content\/uploads\/2015\/05\/diveria_diving_center_tenerife-wracks_05-300x139.jpg 300w, https:\/\/diveria.net\/wp-content\/uploads\/2015\/05\/diveria_diving_center_tenerife-wracks_05-705x326.jpg 705w, https:\/\/diveria.net\/wp-content\/uploads\/2015\/05\/diveria_diving_center_tenerife-wracks_05.jpg 1264w\" data-sizes=\"(max-width: 1030px) 100vw, 1030px\" data-rel='gallery-1' data-prev-img='https:\/\/diveria.net\/wp-content\/uploads\/2015\/05\/diveria_diving_center_tenerife-wracks_05-495x400.jpg' class='lightbox ' data-onclick='2' title='diving center tenerife wreck 05'  itemprop=\"thumbnailUrl\"  ><img decoding=\"async\" fetchpriority=\"high\" class=\"wp-image-709 avia-img-lazy-loading-not-709\"   src=\"https:\/\/diveria.net\/wp-content\/uploads\/2015\/05\/diveria_diving_center_tenerife-wracks_05-495x400.jpg\" width=\"495\" height=\"400\"  title='diving center tenerife wreck 05' alt='Dive Tenerife, Tauchen Teneriffa, Nurkowanie Teneryfa' \/><div class='big-prev-fake'><img decoding=\"async\" loading=\"lazy\" class=\"wp-image-709 avia-img-lazy-loading-709\"  width=\"495\" height=\"400\" src=\"https:\/\/diveria.net\/wp-content\/uploads\/2015\/05\/diveria_diving_center_tenerife-wracks_05-495x400.jpg\" title='diving center tenerife wreck 05' alt='Dive Tenerife, Tauchen Teneriffa, Nurkowanie Teneryfa' \/><\/div><\/a><a href=\"https:\/\/diveria.net\/wp-content\/uploads\/2015\/05\/diveria_diving_center_tenerife-wracks_01-1030x477.jpg\" data-srcset=\"https:\/\/diveria.net\/wp-content\/uploads\/2015\/05\/diveria_diving_center_tenerife-wracks_01-1030x477.jpg 1030w, https:\/\/diveria.net\/wp-content\/uploads\/2015\/05\/diveria_diving_center_tenerife-wracks_01-600x278.jpg 600w, https:\/\/diveria.net\/wp-content\/uploads\/2015\/05\/diveria_diving_center_tenerife-wracks_01-300x139.jpg 300w, https:\/\/diveria.net\/wp-content\/uploads\/2015\/05\/diveria_diving_center_tenerife-wracks_01-705x326.jpg 705w, https:\/\/diveria.net\/wp-content\/uploads\/2015\/05\/diveria_diving_center_tenerife-wracks_01.jpg 1264w\" data-sizes=\"(max-width: 1030px) 100vw, 1030px\" data-rel='gallery-1' data-prev-img='https:\/\/diveria.net\/wp-content\/uploads\/2015\/05\/diveria_diving_center_tenerife-wracks_01-495x400.jpg' class='lightbox ' data-onclick='3' title='diving center tenerife wracks 01'  itemprop=\"thumbnailUrl\"  ><img decoding=\"async\" fetchpriority=\"high\" class=\"wp-image-710 avia-img-lazy-loading-not-710\"   src=\"https:\/\/diveria.net\/wp-content\/uploads\/2015\/05\/diveria_diving_center_tenerife-wracks_01-495x400.jpg\" width=\"495\" height=\"400\"  title='diving center tenerife wracks 01' alt='Dive Tenerife, Tauchen Teneriffa, Nurkowanie Teneryfa' \/><div class='big-prev-fake'><img decoding=\"async\" loading=\"lazy\" class=\"wp-image-710 avia-img-lazy-loading-710\"  width=\"495\" height=\"400\" src=\"https:\/\/diveria.net\/wp-content\/uploads\/2015\/05\/diveria_diving_center_tenerife-wracks_01-495x400.jpg\" title='diving center tenerife wracks 01' alt='Dive Tenerife, Tauchen Teneriffa, Nurkowanie Teneryfa' \/><\/div><\/a><a href=\"https:\/\/diveria.net\/wp-content\/uploads\/2015\/05\/diveria_diving_center_tenerife-wracks_03-1030x477.jpg\" data-srcset=\"https:\/\/diveria.net\/wp-content\/uploads\/2015\/05\/diveria_diving_center_tenerife-wracks_03-1030x477.jpg 1030w, https:\/\/diveria.net\/wp-content\/uploads\/2015\/05\/diveria_diving_center_tenerife-wracks_03-600x278.jpg 600w, https:\/\/diveria.net\/wp-content\/uploads\/2015\/05\/diveria_diving_center_tenerife-wracks_03-300x139.jpg 300w, https:\/\/diveria.net\/wp-content\/uploads\/2015\/05\/diveria_diving_center_tenerife-wracks_03-705x326.jpg 705w, https:\/\/diveria.net\/wp-content\/uploads\/2015\/05\/diveria_diving_center_tenerife-wracks_03.jpg 1264w\" data-sizes=\"(max-width: 1030px) 100vw, 1030px\" data-rel='gallery-1' data-prev-img='https:\/\/diveria.net\/wp-content\/uploads\/2015\/05\/diveria_diving_center_tenerife-wracks_03-495x400.jpg' class='lightbox ' data-onclick='4' title='Dive Tenerife, the bow. Max. depth 30m'  itemprop=\"thumbnailUrl\"  ><img decoding=\"async\" fetchpriority=\"high\" class=\"wp-image-707 avia-img-lazy-loading-not-707\"  data-avia-tooltip='Dive Tenerife, the bow. Max. depth 30m' src=\"https:\/\/diveria.net\/wp-content\/uploads\/2015\/05\/diveria_diving_center_tenerife-wracks_03-495x400.jpg\" width=\"495\" height=\"400\"  title='diveria diving center tenerife wreck 03' alt='Dive Tenerife, Tauchen Teneriffa, Nurkowanie Teneryfa' \/><div class='big-prev-fake'><img decoding=\"async\" loading=\"lazy\" class=\"wp-image-707 avia-img-lazy-loading-707\"  width=\"495\" height=\"400\" src=\"https:\/\/diveria.net\/wp-content\/uploads\/2015\/05\/diveria_diving_center_tenerife-wracks_03-495x400.jpg\" title='diveria diving center tenerife wreck 03' alt='Dive Tenerife, Tauchen Teneriffa, Nurkowanie Teneryfa' \/><\/div><\/a><a href=\"https:\/\/diveria.net\/wp-content\/uploads\/2015\/05\/diveria_diving_center_tenerife-wracks_02-1030x477.jpg\" data-srcset=\"https:\/\/diveria.net\/wp-content\/uploads\/2015\/05\/diveria_diving_center_tenerife-wracks_02-1030x477.jpg 1030w, https:\/\/diveria.net\/wp-content\/uploads\/2015\/05\/diveria_diving_center_tenerife-wracks_02-600x278.jpg 600w, https:\/\/diveria.net\/wp-content\/uploads\/2015\/05\/diveria_diving_center_tenerife-wracks_02-300x139.jpg 300w, https:\/\/diveria.net\/wp-content\/uploads\/2015\/05\/diveria_diving_center_tenerife-wracks_02-705x326.jpg 705w, https:\/\/diveria.net\/wp-content\/uploads\/2015\/05\/diveria_diving_center_tenerife-wracks_02.jpg 1264w\" data-sizes=\"(max-width: 1030px) 100vw, 1030px\" data-rel='gallery-1' data-prev-img='https:\/\/diveria.net\/wp-content\/uploads\/2015\/05\/diveria_diving_center_tenerife-wracks_02-495x400.jpg' class='lightbox ' data-onclick='5' title='Dive Tenerife.  Max. depth 30m'  itemprop=\"thumbnailUrl\"  ><img decoding=\"async\" fetchpriority=\"high\" class=\"wp-image-706 avia-img-lazy-loading-not-706\"  data-avia-tooltip='Dive Tenerife.  Max. depth 30m' src=\"https:\/\/diveria.net\/wp-content\/uploads\/2015\/05\/diveria_diving_center_tenerife-wracks_02-495x400.jpg\" width=\"495\" height=\"400\"  title='diveria diving center tenerife wrecks 02' alt='Dive Tenerife, Tauchen Teneriffa, Nurkowanie Teneryfa' \/><div class='big-prev-fake'><img decoding=\"async\" loading=\"lazy\" class=\"wp-image-706 avia-img-lazy-loading-706\"  width=\"495\" height=\"400\" src=\"https:\/\/diveria.net\/wp-content\/uploads\/2015\/05\/diveria_diving_center_tenerife-wracks_02-495x400.jpg\" title='diveria diving center tenerife wrecks 02' alt='Dive Tenerife, Tauchen Teneriffa, Nurkowanie Teneryfa' \/><\/div><\/a><a href=\"https:\/\/diveria.net\/wp-content\/uploads\/2016\/01\/diveria_diving_center_tenerife-wracks_The_El_Pejin_Wreck-1030x773.png\" data-srcset=\"https:\/\/diveria.net\/wp-content\/uploads\/2016\/01\/diveria_diving_center_tenerife-wracks_The_El_Pejin_Wreck-1030x773.png 1030w, https:\/\/diveria.net\/wp-content\/uploads\/2016\/01\/diveria_diving_center_tenerife-wracks_The_El_Pejin_Wreck-600x450.png 600w, https:\/\/diveria.net\/wp-content\/uploads\/2016\/01\/diveria_diving_center_tenerife-wracks_The_El_Pejin_Wreck-300x225.png 300w, https:\/\/diveria.net\/wp-content\/uploads\/2016\/01\/diveria_diving_center_tenerife-wracks_The_El_Pejin_Wreck-768x576.png 768w, https:\/\/diveria.net\/wp-content\/uploads\/2016\/01\/diveria_diving_center_tenerife-wracks_The_El_Pejin_Wreck-705x529.png 705w, https:\/\/diveria.net\/wp-content\/uploads\/2016\/01\/diveria_diving_center_tenerife-wracks_The_El_Pejin_Wreck.png 1440w\" data-sizes=\"(max-width: 1030px) 100vw, 1030px\" data-rel='gallery-1' data-prev-img='https:\/\/diveria.net\/wp-content\/uploads\/2016\/01\/diveria_diving_center_tenerife-wracks_The_El_Pejin_Wreck-495x400.png' class='first_thumb lightbox ' data-onclick='6' title='diveria_diving_center_tenerife-wracks_The_El_Pejin_Wreck'  itemprop=\"thumbnailUrl\"  ><img decoding=\"async\" fetchpriority=\"high\" class=\"wp-image-1923 avia-img-lazy-loading-not-1923\"   src=\"https:\/\/diveria.net\/wp-content\/uploads\/2016\/01\/diveria_diving_center_tenerife-wracks_The_El_Pejin_Wreck-495x400.png\" width=\"495\" height=\"400\"  title='diveria_diving_center_tenerife-wracks_The_El_Pejin_Wreck' alt='' srcset=\"https:\/\/diveria.net\/wp-content\/uploads\/2016\/01\/diveria_diving_center_tenerife-wracks_The_El_Pejin_Wreck-495x400.png 495w, https:\/\/diveria.net\/wp-content\/uploads\/2016\/01\/diveria_diving_center_tenerife-wracks_The_El_Pejin_Wreck-845x684.png 845w\" sizes=\"(max-width: 495px) 100vw, 495px\" \/><div class='big-prev-fake'><img decoding=\"async\" loading=\"lazy\" class=\"wp-image-1923 avia-img-lazy-loading-1923\"  width=\"495\" height=\"400\" src=\"https:\/\/diveria.net\/wp-content\/uploads\/2016\/01\/diveria_diving_center_tenerife-wracks_The_El_Pejin_Wreck-495x400.png\" title='diveria_diving_center_tenerife-wracks_The_El_Pejin_Wreck' alt='' srcset=\"https:\/\/diveria.net\/wp-content\/uploads\/2016\/01\/diveria_diving_center_tenerife-wracks_The_El_Pejin_Wreck-495x400.png 495w, https:\/\/diveria.net\/wp-content\/uploads\/2016\/01\/diveria_diving_center_tenerife-wracks_The_El_Pejin_Wreck-845x684.png 845w\" sizes=\"auto, (max-width: 495px) 100vw, 495px\" \/><\/div><\/a><\/div><\/div><\/div>\n","protected":false},"excerpt":{"rendered":"","protected":false},"author":11,"featured_media":0,"parent":2072,"menu_order":0,"comment_status":"closed","ping_status":"closed","template":"","meta":{"_monsterinsights_skip_tracking":false,"_monsterinsights_sitenote_active":false,"_monsterinsights_sitenote_note":"","_monsterinsights_sitenote_category":0,"jetpack_post_was_ever_published":false,"footnotes":""},"class_list":["post-3014","page","type-page","status-publish","hentry"],"yoast_head":"<!-- This site is optimized with the Yoast SEO plugin v27.3 - https:\/\/yoast.com\/product\/yoast-seo-wordpress\/ -->\n<title>Tabaiba - Diveria Diving Center Tenerife<\/title>\n<meta name=\"robots\" content=\"index, follow, max-snippet:-1, max-image-preview:large, max-video-preview:-1\" \/>\n<link rel=\"canonical\" href=\"https:\/\/diveria.net\/dive-tenerife\/dives-sites\/tabaiba\/\" \/>\n<meta property=\"og:locale\" content=\"fr_FR\" \/>\n<meta property=\"og:type\" content=\"article\" \/>\n<meta property=\"og:title\" content=\"Tabaiba - Diveria Diving Center Tenerife\" \/>\n<meta property=\"og:url\" content=\"https:\/\/diveria.net\/dive-tenerife\/dives-sites\/tabaiba\/\" \/>\n<meta property=\"og:site_name\" content=\"Diveria Diving Center Tenerife\" \/>\n<meta property=\"article:publisher\" content=\"https:\/\/www.facebook.com\/puredivingtenerife\" \/>\n<meta property=\"article:modified_time\" content=\"2018-06-17T18:38:32+00:00\" \/>\n<meta name=\"twitter:card\" content=\"summary_large_image\" \/>\n<meta name=\"twitter:label1\" content=\"Dur\u00e9e de lecture estim\u00e9e\" \/>\n\t<meta name=\"twitter:data1\" content=\"2 minutes\" \/>\n<script type=\"application\/ld+json\" class=\"yoast-schema-graph\">{\"@context\":\"https:\\\/\\\/schema.org\",\"@graph\":[{\"@type\":\"WebPage\",\"@id\":\"https:\\\/\\\/diveria.net\\\/dive-tenerife\\\/dives-sites\\\/tabaiba\\\/\",\"url\":\"https:\\\/\\\/diveria.net\\\/dive-tenerife\\\/dives-sites\\\/tabaiba\\\/\",\"name\":\"Tabaiba - Diveria Diving Center Tenerife\",\"isPartOf\":{\"@id\":\"https:\\\/\\\/diveria.net\\\/#website\"},\"datePublished\":\"2018-06-17T16:29:59+00:00\",\"dateModified\":\"2018-06-17T18:38:32+00:00\",\"breadcrumb\":{\"@id\":\"https:\\\/\\\/diveria.net\\\/dive-tenerife\\\/dives-sites\\\/tabaiba\\\/#breadcrumb\"},\"inLanguage\":\"fr-FR\",\"potentialAction\":[{\"@type\":\"ReadAction\",\"target\":[\"https:\\\/\\\/diveria.net\\\/dive-tenerife\\\/dives-sites\\\/tabaiba\\\/\"]}]},{\"@type\":\"BreadcrumbList\",\"@id\":\"https:\\\/\\\/diveria.net\\\/dive-tenerife\\\/dives-sites\\\/tabaiba\\\/#breadcrumb\",\"itemListElement\":[{\"@type\":\"ListItem\",\"position\":1,\"name\":\"Home\",\"item\":\"https:\\\/\\\/diveria.net\\\/fr\\\/plongee-diveria-tenerife\\\/\"},{\"@type\":\"ListItem\",\"position\":2,\"name\":\"PLONGEE TENERIFE\",\"item\":\"https:\\\/\\\/diveria.net\\\/dive-tenerife\\\/\"},{\"@type\":\"ListItem\",\"position\":3,\"name\":\"DIVES SITES\",\"item\":\"https:\\\/\\\/diveria.net\\\/dive-tenerife\\\/dives-sites\\\/\"},{\"@type\":\"ListItem\",\"position\":4,\"name\":\"Tabaiba\"}]},{\"@type\":\"WebSite\",\"@id\":\"https:\\\/\\\/diveria.net\\\/#website\",\"url\":\"https:\\\/\\\/diveria.net\\\/\",\"name\":\"Diveria Diving Center Tenerife\",\"description\":\"Diveria Diving Center on Tenerife\",\"potentialAction\":[{\"@type\":\"SearchAction\",\"target\":{\"@type\":\"EntryPoint\",\"urlTemplate\":\"https:\\\/\\\/diveria.net\\\/?s={search_term_string}\"},\"query-input\":{\"@type\":\"PropertyValueSpecification\",\"valueRequired\":true,\"valueName\":\"search_term_string\"}}],\"inLanguage\":\"fr-FR\"}]}<\/script>\n<!-- \/ Yoast SEO plugin. -->","yoast_head_json":{"title":"Tabaiba - Diveria Diving Center Tenerife","robots":{"index":"index","follow":"follow","max-snippet":"max-snippet:-1","max-image-preview":"max-image-preview:large","max-video-preview":"max-video-preview:-1"},"canonical":"https:\/\/diveria.net\/dive-tenerife\/dives-sites\/tabaiba\/","og_locale":"fr_FR","og_type":"article","og_title":"Tabaiba - Diveria Diving Center Tenerife","og_url":"https:\/\/diveria.net\/dive-tenerife\/dives-sites\/tabaiba\/","og_site_name":"Diveria Diving Center Tenerife","article_publisher":"https:\/\/www.facebook.com\/puredivingtenerife","article_modified_time":"2018-06-17T18:38:32+00:00","twitter_card":"summary_large_image","twitter_misc":{"Dur\u00e9e de lecture estim\u00e9e":"2 minutes"},"schema":{"@context":"https:\/\/schema.org","@graph":[{"@type":"WebPage","@id":"https:\/\/diveria.net\/dive-tenerife\/dives-sites\/tabaiba\/","url":"https:\/\/diveria.net\/dive-tenerife\/dives-sites\/tabaiba\/","name":"Tabaiba - Diveria Diving Center Tenerife","isPartOf":{"@id":"https:\/\/diveria.net\/#website"},"datePublished":"2018-06-17T16:29:59+00:00","dateModified":"2018-06-17T18:38:32+00:00","breadcrumb":{"@id":"https:\/\/diveria.net\/dive-tenerife\/dives-sites\/tabaiba\/#breadcrumb"},"inLanguage":"fr-FR","potentialAction":[{"@type":"ReadAction","target":["https:\/\/diveria.net\/dive-tenerife\/dives-sites\/tabaiba\/"]}]},{"@type":"BreadcrumbList","@id":"https:\/\/diveria.net\/dive-tenerife\/dives-sites\/tabaiba\/#breadcrumb","itemListElement":[{"@type":"ListItem","position":1,"name":"Home","item":"https:\/\/diveria.net\/fr\/plongee-diveria-tenerife\/"},{"@type":"ListItem","position":2,"name":"PLONGEE TENERIFE","item":"https:\/\/diveria.net\/dive-tenerife\/"},{"@type":"ListItem","position":3,"name":"DIVES SITES","item":"https:\/\/diveria.net\/dive-tenerife\/dives-sites\/"},{"@type":"ListItem","position":4,"name":"Tabaiba"}]},{"@type":"WebSite","@id":"https:\/\/diveria.net\/#website","url":"https:\/\/diveria.net\/","name":"Diveria Diving Center Tenerife","description":"Diveria Diving Center on Tenerife","potentialAction":[{"@type":"SearchAction","target":{"@type":"EntryPoint","urlTemplate":"https:\/\/diveria.net\/?s={search_term_string}"},"query-input":{"@type":"PropertyValueSpecification","valueRequired":true,"valueName":"search_term_string"}}],"inLanguage":"fr-FR"}]}},"jetpack_sharing_enabled":true,"jetpack_shortlink":"https:\/\/wp.me\/Pag9Pb-MC","_links":{"self":[{"href":"https:\/\/diveria.net\/fr\/wp-json\/wp\/v2\/pages\/3014","targetHints":{"allow":["GET"]}}],"collection":[{"href":"https:\/\/diveria.net\/fr\/wp-json\/wp\/v2\/pages"}],"about":[{"href":"https:\/\/diveria.net\/fr\/wp-json\/wp\/v2\/types\/page"}],"author":[{"embeddable":true,"href":"https:\/\/diveria.net\/fr\/wp-json\/wp\/v2\/users\/11"}],"replies":[{"embeddable":true,"href":"https:\/\/diveria.net\/fr\/wp-json\/wp\/v2\/comments?post=3014"}],"version-history":[{"count":3,"href":"https:\/\/diveria.net\/fr\/wp-json\/wp\/v2\/pages\/3014\/revisions"}],"predecessor-version":[{"id":3021,"href":"https:\/\/diveria.net\/fr\/wp-json\/wp\/v2\/pages\/3014\/revisions\/3021"}],"up":[{"embeddable":true,"href":"https:\/\/diveria.net\/fr\/wp-json\/wp\/v2\/pages\/2072"}],"wp:attachment":[{"href":"https:\/\/diveria.net\/fr\/wp-json\/wp\/v2\/media?parent=3014"}],"curies":[{"name":"wp","href":"https:\/\/api.w.org\/{rel}","templated":true}]}}