{"id":3000,"date":"2018-06-17T17:16:08","date_gmt":"2018-06-17T16:16:08","guid":{"rendered":"https:\/\/www.diveria.net\/fr\/dive-tenerife\/dives-sites\/marazul\/"},"modified":"2018-06-17T20:12:17","modified_gmt":"2018-06-17T19:12:17","slug":"marazul","status":"publish","type":"page","link":"https:\/\/diveria.net\/fr\/dive-tenerife\/marazul\/","title":{"rendered":"Marazul"},"content":{"rendered":"\n<style type=\"text\/css\" data-created_by=\"avia_inline_auto\" id=\"style-css-av-av_two_third-15d750bd1b332b34c6e70b077ebbccdf\">\n.flex_column.av-av_two_third-15d750bd1b332b34c6e70b077ebbccdf{\nborder-radius:0px 0px 0px 0px;\npadding:0px 0px 0px 0px;\n}\n<\/style>\n<div  class='flex_column av-av_two_third-15d750bd1b332b34c6e70b077ebbccdf av_two_third  avia-builder-el-0  el_before_av_one_third  avia-builder-el-first  first flex_column_div av-zero-column-padding  '     ><section  class='av_textblock_section av-av_textblock-2de302bf1aa3cf4c9157dbe6f50ac7eb '   itemscope=\"itemscope\" itemtype=\"https:\/\/schema.org\/CreativeWork\" ><div class='avia_textblock'  itemprop=\"text\" ><h2>Marazul<\/h2>\n<\/div><\/section><\/div>\n\n<style type=\"text\/css\" data-created_by=\"avia_inline_auto\" id=\"style-css-av-av_one_third-c8fc129dc35fd1ae2a1e410224d39ea8\">\n.flex_column.av-av_one_third-c8fc129dc35fd1ae2a1e410224d39ea8{\nborder-radius:0px 0px 0px 0px;\npadding:0px 0px 0px 0px;\n}\n<\/style>\n<div  class='flex_column av-av_one_third-c8fc129dc35fd1ae2a1e410224d39ea8 av_one_third  avia-builder-el-2  el_after_av_two_third  el_before_av_one_full  flex_column_div av-zero-column-padding  '     ><section  class='av_textblock_section av-av_textblock-2de302bf1aa3cf4c9157dbe6f50ac7eb '   itemscope=\"itemscope\" itemtype=\"https:\/\/schema.org\/CreativeWork\" ><div class='avia_textblock'  itemprop=\"text\" ><h4>Cliquez ici pour retourner \u00e0 la carte des sites de plong\u00e9e<\/h4>\n<\/div><\/section><\/div>\n<style type=\"text\/css\" data-created_by=\"avia_inline_auto\" id=\"style-css-av-av_one_full-15d750bd1b332b34c6e70b077ebbccdf\">\n.flex_column.av-av_one_full-15d750bd1b332b34c6e70b077ebbccdf{\nborder-radius:0px 0px 0px 0px;\npadding:0px 0px 0px 0px;\n}\n<\/style>\n<div  class='flex_column av-av_one_full-15d750bd1b332b34c6e70b077ebbccdf av_one_full  avia-builder-el-4  el_after_av_one_third  el_before_av_one_half  first flex_column_div av-zero-column-padding  column-top-margin'     ><section  class='av_textblock_section av-av_textblock-2de302bf1aa3cf4c9157dbe6f50ac7eb '   itemscope=\"itemscope\" itemtype=\"https:\/\/schema.org\/CreativeWork\" ><div class='avia_textblock'  itemprop=\"text\" ><p>Lors de cette plong\u00e9e vous verrez de magnifiques formations volcaniques sous eau avec diff\u00e9rentes grottes sous-marines dans une eau moins-profonde et une superbe caverne \u00e0 une profondeur de 27 m\u00e8tres.<\/p>\n<p>Durant cette plong\u00e9e nous aurons diff\u00e9rents points \u00e0 voir.\u00a0\u00a0Nous explorerons principalement le paysage de la plong\u00e9e et vous pourrez aussi, bien \u00e9videmment, nager dans l\u2019Atlantique, \u00e0 quelques endroits renomm\u00e9s.<\/p>\n<\/div><\/section><\/div><\/p>\n\n<style type=\"text\/css\" data-created_by=\"avia_inline_auto\" id=\"style-css-av-av_one_half-15d750bd1b332b34c6e70b077ebbccdf\">\n.flex_column.av-av_one_half-15d750bd1b332b34c6e70b077ebbccdf{\nborder-radius:0px 0px 0px 0px;\npadding:0px 0px 0px 0px;\n}\n<\/style>\n<div  class='flex_column av-av_one_half-15d750bd1b332b34c6e70b077ebbccdf av_one_half  avia-builder-el-6  el_after_av_one_full  el_before_av_one_half  first flex_column_div av-zero-column-padding  column-top-margin'     ><div  class='avia-video av-av_video-41f857ac79b87c6968be064a55121df9 avia-video-16-9 av-no-preview-image avia-video-load-always av-lazyload-immediate av-lazyload-video-embed'  itemprop=\"video\" itemtype=\"https:\/\/schema.org\/VideoObject\"  data-original_url='https:\/\/www.youtube.com\/watch?v=Sdfgwkf6N2A'><script type='text\/html' class='av-video-tmpl'><span class=\"embed-youtube\" style=\"text-align:center; display: block;\"><iframe loading=\"lazy\" class=\"youtube-player\" width=\"1500\" height=\"844\" src=\"https:\/\/www.youtube.com\/embed\/Sdfgwkf6N2A?version=3&#038;rel=1&#038;showsearch=0&#038;showinfo=1&#038;iv_load_policy=1&#038;fs=1&#038;hl=fr-FR&#038;autohide=2&#038;wmode=transparent&autoplay=0&loop=0&controls=1&mute=0\" allowfullscreen=\"true\" style=\"border:0;\" sandbox=\"allow-scripts allow-same-origin allow-popups allow-presentation allow-popups-to-escape-sandbox\"><\/iframe><\/span><\/script><div class='av-click-to-play-overlay'><div class=\"avia_playpause_icon\"><\/div><\/div><\/div><\/div>\n\n<style type=\"text\/css\" data-created_by=\"avia_inline_auto\" id=\"style-css-av-av_one_half-c8fc129dc35fd1ae2a1e410224d39ea8\">\n.flex_column.av-av_one_half-c8fc129dc35fd1ae2a1e410224d39ea8{\nborder-radius:0px 0px 0px 0px;\npadding:0px 0px 0px 0px;\n}\n<\/style>\n<div  class='flex_column av-av_one_half-c8fc129dc35fd1ae2a1e410224d39ea8 av_one_half  avia-builder-el-8  el_after_av_one_half  avia-builder-el-last  flex_column_div av-zero-column-padding  column-top-margin'     ><\/div>\n","protected":false},"excerpt":{"rendered":"","protected":false},"author":11,"featured_media":0,"parent":2072,"menu_order":0,"comment_status":"closed","ping_status":"closed","template":"","meta":{"_monsterinsights_skip_tracking":false,"_monsterinsights_sitenote_active":false,"_monsterinsights_sitenote_note":"","_monsterinsights_sitenote_category":0,"jetpack_post_was_ever_published":false,"footnotes":""},"class_list":["post-3000","page","type-page","status-publish","hentry"],"yoast_head":"<!-- This site is optimized with the Yoast SEO plugin v27.4 - https:\/\/yoast.com\/product\/yoast-seo-wordpress\/ -->\n<title>Marazul - Diveria Diving Center Tenerife<\/title>\n<meta name=\"robots\" content=\"index, follow, max-snippet:-1, max-image-preview:large, max-video-preview:-1\" \/>\n<link rel=\"canonical\" href=\"https:\/\/diveria.net\/fr\/dive-tenerife\/marazul\/\" \/>\n<meta property=\"og:locale\" content=\"fr_FR\" \/>\n<meta property=\"og:type\" content=\"article\" \/>\n<meta property=\"og:title\" content=\"Marazul - Diveria Diving Center Tenerife\" \/>\n<meta property=\"og:url\" content=\"https:\/\/diveria.net\/fr\/dive-tenerife\/marazul\/\" \/>\n<meta property=\"og:site_name\" content=\"Diveria Diving Center Tenerife\" \/>\n<meta property=\"article:publisher\" content=\"https:\/\/www.facebook.com\/puredivingtenerife\" \/>\n<meta property=\"article:modified_time\" content=\"2018-06-17T19:12:17+00:00\" \/>\n<meta name=\"twitter:card\" content=\"summary_large_image\" \/>\n<meta name=\"twitter:label1\" content=\"Dur\u00e9e de lecture estim\u00e9e\" \/>\n\t<meta name=\"twitter:data1\" content=\"2 minutes\" \/>\n<script type=\"application\/ld+json\" class=\"yoast-schema-graph\">{\"@context\":\"https:\\\/\\\/schema.org\",\"@graph\":[{\"@type\":\"WebPage\",\"@id\":\"https:\\\/\\\/diveria.net\\\/fr\\\/dive-tenerife\\\/marazul\\\/\",\"url\":\"https:\\\/\\\/diveria.net\\\/fr\\\/dive-tenerife\\\/marazul\\\/\",\"name\":\"Marazul - Diveria Diving Center Tenerife\",\"isPartOf\":{\"@id\":\"https:\\\/\\\/diveria.net\\\/#website\"},\"datePublished\":\"2018-06-17T16:16:08+00:00\",\"dateModified\":\"2018-06-17T19:12:17+00:00\",\"breadcrumb\":{\"@id\":\"https:\\\/\\\/diveria.net\\\/fr\\\/dive-tenerife\\\/marazul\\\/#breadcrumb\"},\"inLanguage\":\"fr-FR\",\"potentialAction\":[{\"@type\":\"ReadAction\",\"target\":[\"https:\\\/\\\/diveria.net\\\/fr\\\/dive-tenerife\\\/marazul\\\/\"]}]},{\"@type\":\"BreadcrumbList\",\"@id\":\"https:\\\/\\\/diveria.net\\\/fr\\\/dive-tenerife\\\/marazul\\\/#breadcrumb\",\"itemListElement\":[{\"@type\":\"ListItem\",\"position\":1,\"name\":\"Home\",\"item\":\"https:\\\/\\\/diveria.net\\\/fr\\\/plongee-diveria-tenerife\\\/\"},{\"@type\":\"ListItem\",\"position\":2,\"name\":\"PLONGEE TENERIFE\",\"item\":\"https:\\\/\\\/diveria.net\\\/fr\\\/dive-tenerife\\\/\"},{\"@type\":\"ListItem\",\"position\":3,\"name\":\"Marazul\"}]},{\"@type\":\"WebSite\",\"@id\":\"https:\\\/\\\/diveria.net\\\/#website\",\"url\":\"https:\\\/\\\/diveria.net\\\/\",\"name\":\"Diveria Diving Center Tenerife\",\"description\":\"Diveria Diving Center on Tenerife\",\"potentialAction\":[{\"@type\":\"SearchAction\",\"target\":{\"@type\":\"EntryPoint\",\"urlTemplate\":\"https:\\\/\\\/diveria.net\\\/?s={search_term_string}\"},\"query-input\":{\"@type\":\"PropertyValueSpecification\",\"valueRequired\":true,\"valueName\":\"search_term_string\"}}],\"inLanguage\":\"fr-FR\"}]}<\/script>\n<!-- \/ Yoast SEO plugin. -->","yoast_head_json":{"title":"Marazul - Diveria Diving Center Tenerife","robots":{"index":"index","follow":"follow","max-snippet":"max-snippet:-1","max-image-preview":"max-image-preview:large","max-video-preview":"max-video-preview:-1"},"canonical":"https:\/\/diveria.net\/fr\/dive-tenerife\/marazul\/","og_locale":"fr_FR","og_type":"article","og_title":"Marazul - Diveria Diving Center Tenerife","og_url":"https:\/\/diveria.net\/fr\/dive-tenerife\/marazul\/","og_site_name":"Diveria Diving Center Tenerife","article_publisher":"https:\/\/www.facebook.com\/puredivingtenerife","article_modified_time":"2018-06-17T19:12:17+00:00","twitter_card":"summary_large_image","twitter_misc":{"Dur\u00e9e de lecture estim\u00e9e":"2 minutes"},"schema":{"@context":"https:\/\/schema.org","@graph":[{"@type":"WebPage","@id":"https:\/\/diveria.net\/fr\/dive-tenerife\/marazul\/","url":"https:\/\/diveria.net\/fr\/dive-tenerife\/marazul\/","name":"Marazul - Diveria Diving Center Tenerife","isPartOf":{"@id":"https:\/\/diveria.net\/#website"},"datePublished":"2018-06-17T16:16:08+00:00","dateModified":"2018-06-17T19:12:17+00:00","breadcrumb":{"@id":"https:\/\/diveria.net\/fr\/dive-tenerife\/marazul\/#breadcrumb"},"inLanguage":"fr-FR","potentialAction":[{"@type":"ReadAction","target":["https:\/\/diveria.net\/fr\/dive-tenerife\/marazul\/"]}]},{"@type":"BreadcrumbList","@id":"https:\/\/diveria.net\/fr\/dive-tenerife\/marazul\/#breadcrumb","itemListElement":[{"@type":"ListItem","position":1,"name":"Home","item":"https:\/\/diveria.net\/fr\/plongee-diveria-tenerife\/"},{"@type":"ListItem","position":2,"name":"PLONGEE TENERIFE","item":"https:\/\/diveria.net\/fr\/dive-tenerife\/"},{"@type":"ListItem","position":3,"name":"Marazul"}]},{"@type":"WebSite","@id":"https:\/\/diveria.net\/#website","url":"https:\/\/diveria.net\/","name":"Diveria Diving Center Tenerife","description":"Diveria Diving Center on Tenerife","potentialAction":[{"@type":"SearchAction","target":{"@type":"EntryPoint","urlTemplate":"https:\/\/diveria.net\/?s={search_term_string}"},"query-input":{"@type":"PropertyValueSpecification","valueRequired":true,"valueName":"search_term_string"}}],"inLanguage":"fr-FR"}]}},"jetpack_sharing_enabled":true,"jetpack_shortlink":"https:\/\/wp.me\/Pag9Pb-Mo","_links":{"self":[{"href":"https:\/\/diveria.net\/fr\/wp-json\/wp\/v2\/pages\/3000","targetHints":{"allow":["GET"]}}],"collection":[{"href":"https:\/\/diveria.net\/fr\/wp-json\/wp\/v2\/pages"}],"about":[{"href":"https:\/\/diveria.net\/fr\/wp-json\/wp\/v2\/types\/page"}],"author":[{"embeddable":true,"href":"https:\/\/diveria.net\/fr\/wp-json\/wp\/v2\/users\/11"}],"replies":[{"embeddable":true,"href":"https:\/\/diveria.net\/fr\/wp-json\/wp\/v2\/comments?post=3000"}],"version-history":[{"count":3,"href":"https:\/\/diveria.net\/fr\/wp-json\/wp\/v2\/pages\/3000\/revisions"}],"predecessor-version":[{"id":3069,"href":"https:\/\/diveria.net\/fr\/wp-json\/wp\/v2\/pages\/3000\/revisions\/3069"}],"up":[{"embeddable":true,"href":"https:\/\/diveria.net\/fr\/wp-json\/wp\/v2\/pages\/2072"}],"wp:attachment":[{"href":"https:\/\/diveria.net\/fr\/wp-json\/wp\/v2\/media?parent=3000"}],"curies":[{"name":"wp","href":"https:\/\/api.w.org\/{rel}","templated":true}]}}